{"id":4986,"date":"2021-09-07T08:10:36","date_gmt":"2021-09-07T06:10:36","guid":{"rendered":"https:\/\/www.villastromsfors.se\/?page_id=4986"},"modified":"2024-01-09T17:42:54","modified_gmt":"2024-01-09T16:42:54","slug":"work-for-us","status":"publish","type":"page","link":"https:\/\/www.villastromsfors.se\/en\/contact\/work-for-us\/","title":{"rendered":"Work for us"},"content":{"rendered":"<div class=\"hero lw lw--mw-cntnt-pls-pd hero--image\"><div class=\"hero__container\"><div class=\"image ofi-holder\"> <img loading=\"lazy\" decoding=\"async\" width=\"1920\" height=\"1080\" src=\"https:\/\/www.villastromsfors.se\/wp-content\/uploads\/2021\/04\/Ganget-and.jpg\" class=\"attachment-full size-full\" alt=\"\" sizes=\"auto, (max-width: 768px) 134vw, (max-width: 1366px) 100vw, 1366px\" srcset=\"https:\/\/www.villastromsfors.se\/wp-content\/uploads\/2021\/04\/Ganget-and.jpg 1920w, https:\/\/www.villastromsfors.se\/wp-content\/uploads\/2021\/04\/Ganget-and-380x214.jpg 380w, https:\/\/www.villastromsfors.se\/wp-content\/uploads\/2021\/04\/Ganget-and-1160x653.jpg 1160w, https:\/\/www.villastromsfors.se\/wp-content\/uploads\/2021\/04\/Ganget-and-150x84.jpg 150w, https:\/\/www.villastromsfors.se\/wp-content\/uploads\/2021\/04\/Ganget-and-768x432.jpg 768w, https:\/\/www.villastromsfors.se\/wp-content\/uploads\/2021\/04\/Ganget-and-1536x864.jpg 1536w, https:\/\/www.villastromsfors.se\/wp-content\/uploads\/2021\/04\/Ganget-and-600x338.jpg 600w\" \/> <\/div><\/div><\/div>\n\n<div class=\"intro-section inner-blocks lw lw--mw-cntnt-pd\"> <div class=\"intro-section__heading-holder\"> <h1 class=\"intro-section__heading\"><span>We<\/span> <span>always<\/span> <span>look<\/span> <span>for<\/span> <span>extra<\/span> <span>personnel!<\/span><\/h1> <span class=\"icon intro-section__heading-decoration\"><svg aria-hidden=\"true\" focusable=\"false\"><use xlink:href=\"#icon-decoration-sunrise\"><\/use><\/svg><\/span> <\/div> <div class=\"intro-section__primary blocks-wrapper blocks-wrapper--inner blocks-wrapper--ignore-lw first-p-preamble\">\n\n<p>Vi har alltid behov av extrapersonal och s\u00f6ker medarbetare som \u00e4r effektiva, \u00f6ppna, varma och omh\u00e4ndertagande  med en l\u00e5gintensiv framtoning.<\/p>\n\n\n\n<p>Hade du st\u00e4mt in i v\u00e5rt g\u00e4ng tror du?<\/p>\n\n<\/div> <div class=\"intro-section__secondary\"><div class=\"image image--non-ofi\"> <div style=\"padding-bottom: 0%\"><\/div> <\/div><\/div> <\/div>\n\n<div class=\"hammer is-style-head-right inner-blocks lw lw--mw-cntnt-pd hammer--media hammer--media-box\"> <div class=\"hammer__columns\"> <div class=\"hammer__head\"> <div class=\"container lw lw--fw blocks-wrapper blocks-wrapper--inner has-green-spring-background-color has-background\"><div class=\"container__inner blocks-wrapper blocks-wrapper--inner lw lw--mw-cntnt-pd pc pc--l\"><h3>Please send your application along with a cover letter and curriculum vitae to:<\/h3><p><a href=\"mailto:carin.victorin@villastromsfors.se\">carin.victorin@villastromsfors.se<\/a><\/p><\/div><\/div> <\/div> <div class=\"hammer__handle\"> <div class=\"kicker capitals\"><span class=\"icon\"><svg aria-hidden=\"true\" focusable=\"false\"><use xlink:href=\"#icon-horizontal-broom\"><\/use><\/svg><\/span>We enjoy being together<\/div> <div class=\"hammer__content blocks-wrapper blocks-wrapper--inner\"> \n\n<p>We believe it&#8217;s important to enjoy working together when the team is so small. This directly reflects on our guests. Therefore, your personality is crucial. Caring, attentive, meticulous, and alert are some of the qualities we believe our next colleague should possess, regardless of the role you will have. You should be aware that much of the working hours are scheduled for evenings and weekends.<\/p>\n\n <\/div> <\/div> <\/div> <\/div>","protected":false},"excerpt":{"rendered":"","protected":false},"author":1,"featured_media":0,"parent":4980,"menu_order":0,"comment_status":"closed","ping_status":"closed","template":"","meta":{"_acf_changed":false,"_price":"","_stock":"","_tribe_ticket_header":"","_tribe_default_ticket_provider":"","_ticket_start_date":"","_ticket_end_date":"","_tribe_ticket_show_description":"","_tribe_ticket_show_not_going":false,"_tribe_ticket_use_global_stock":"","_tribe_ticket_global_stock_level":"","_global_stock_mode":"","_global_stock_cap":"","_tribe_rsvp_for_event":"","_tribe_ticket_going_count":"","_tribe_ticket_not_going_count":"","_tribe_tickets_list":"[]","_tribe_ticket_has_attendee_info_fields":false,"footnotes":""},"class_list":["post-4986","page","type-page","status-publish","hentry"],"acf":[],"yoast_head":"<!-- This site is optimized with the Yoast SEO plugin v26.7 - https:\/\/yoast.com\/wordpress\/plugins\/seo\/ -->\n<title>Work for us - Villa Str\u00f6msfors<\/title>\n<meta name=\"description\" content=\"We are always looking for new enthusiastic team members for Villa Str\u00f6msfors. Get in touch with us!\" \/>\n<meta name=\"robots\" content=\"index, follow, max-snippet:-1, max-image-preview:large, max-video-preview:-1\" \/>\n<link rel=\"canonical\" href=\"https:\/\/www.villastromsfors.se\/en\/contact\/work-for-us\/\" \/>\n<meta property=\"og:locale\" content=\"en_US\" \/>\n<meta property=\"og:type\" content=\"article\" \/>\n<meta property=\"og:title\" content=\"Work for us - Villa Str\u00f6msfors\" \/>\n<meta property=\"og:description\" content=\"We are always looking for new enthusiastic team members for Villa Str\u00f6msfors. Get in touch with us!\" \/>\n<meta property=\"og:url\" content=\"https:\/\/www.villastromsfors.se\/en\/contact\/work-for-us\/\" \/>\n<meta property=\"og:site_name\" content=\"Villa Str\u00f6msfors\" \/>\n<meta property=\"article:publisher\" content=\"https:\/\/www.facebook.com\/villastromsfors\" \/>\n<meta property=\"article:modified_time\" content=\"2024-01-09T16:42:54+00:00\" \/>\n<meta name=\"twitter:card\" content=\"summary_large_image\" \/>\n<meta name=\"twitter:label1\" content=\"Est. reading time\" \/>\n\t<meta name=\"twitter:data1\" content=\"1 minute\" \/>\n<script type=\"application\/ld+json\" class=\"yoast-schema-graph\">{\"@context\":\"https:\/\/schema.org\",\"@graph\":[{\"@type\":\"WebPage\",\"@id\":\"https:\/\/www.villastromsfors.se\/en\/contact\/work-for-us\/\",\"url\":\"https:\/\/www.villastromsfors.se\/en\/contact\/work-for-us\/\",\"name\":\"Work for us - Villa Str\u00f6msfors\",\"isPartOf\":{\"@id\":\"https:\/\/www.villastromsfors.se\/#website\"},\"datePublished\":\"2021-09-07T06:10:36+00:00\",\"dateModified\":\"2024-01-09T16:42:54+00:00\",\"description\":\"We are always looking for new enthusiastic team members for Villa Str\u00f6msfors. Get in touch with us!\",\"breadcrumb\":{\"@id\":\"https:\/\/www.villastromsfors.se\/en\/contact\/work-for-us\/#breadcrumb\"},\"inLanguage\":\"en-US\",\"potentialAction\":[{\"@type\":\"ReadAction\",\"target\":[\"https:\/\/www.villastromsfors.se\/en\/contact\/work-for-us\/\"]}]},{\"@type\":\"BreadcrumbList\",\"@id\":\"https:\/\/www.villastromsfors.se\/en\/contact\/work-for-us\/#breadcrumb\",\"itemListElement\":[{\"@type\":\"ListItem\",\"position\":1,\"name\":\"Contact\",\"item\":\"https:\/\/www.villastromsfors.se\/en\/contact\/\"},{\"@type\":\"ListItem\",\"position\":2,\"name\":\"Work for us\"}]},{\"@type\":\"WebSite\",\"@id\":\"https:\/\/www.villastromsfors.se\/#website\",\"url\":\"https:\/\/www.villastromsfors.se\/\",\"name\":\"Villa Str\u00f6msfors\",\"description\":\"\",\"publisher\":{\"@id\":\"https:\/\/www.villastromsfors.se\/#organization\"},\"potentialAction\":[{\"@type\":\"SearchAction\",\"target\":{\"@type\":\"EntryPoint\",\"urlTemplate\":\"https:\/\/www.villastromsfors.se\/?s={search_term_string}\"},\"query-input\":{\"@type\":\"PropertyValueSpecification\",\"valueRequired\":true,\"valueName\":\"search_term_string\"}}],\"inLanguage\":\"en-US\"},{\"@type\":\"Organization\",\"@id\":\"https:\/\/www.villastromsfors.se\/#organization\",\"name\":\"Villa Str\u00f6msfors\",\"url\":\"https:\/\/www.villastromsfors.se\/\",\"logo\":{\"@type\":\"ImageObject\",\"inLanguage\":\"en-US\",\"@id\":\"https:\/\/www.villastromsfors.se\/#\/schema\/logo\/image\/\",\"url\":\"https:\/\/www.villastromsfors.se\/wp-content\/uploads\/2021\/06\/vs-logo.png\",\"contentUrl\":\"https:\/\/www.villastromsfors.se\/wp-content\/uploads\/2021\/06\/vs-logo.png\",\"width\":600,\"height\":329,\"caption\":\"Villa Str\u00f6msfors\"},\"image\":{\"@id\":\"https:\/\/www.villastromsfors.se\/#\/schema\/logo\/image\/\"},\"sameAs\":[\"https:\/\/www.facebook.com\/villastromsfors\",\"https:\/\/www.instagram.com\/villastromsfors\/\",\"https:\/\/www.linkedin.com\/company\/villa-str\u00f6msfors\/\",\"https:\/\/www.youtube.com\/channel\/UCi2WrPAzf830yVcfKrVAcZA\"]}]}<\/script>\n<!-- \/ Yoast SEO plugin. -->","yoast_head_json":{"title":"Work for us - Villa Str\u00f6msfors","description":"We are always looking for new enthusiastic team members for Villa Str\u00f6msfors. Get in touch with us!","robots":{"index":"index","follow":"follow","max-snippet":"max-snippet:-1","max-image-preview":"max-image-preview:large","max-video-preview":"max-video-preview:-1"},"canonical":"https:\/\/www.villastromsfors.se\/en\/contact\/work-for-us\/","og_locale":"en_US","og_type":"article","og_title":"Work for us - Villa Str\u00f6msfors","og_description":"We are always looking for new enthusiastic team members for Villa Str\u00f6msfors. Get in touch with us!","og_url":"https:\/\/www.villastromsfors.se\/en\/contact\/work-for-us\/","og_site_name":"Villa Str\u00f6msfors","article_publisher":"https:\/\/www.facebook.com\/villastromsfors","article_modified_time":"2024-01-09T16:42:54+00:00","twitter_card":"summary_large_image","twitter_misc":{"Est. reading time":"1 minute"},"schema":{"@context":"https:\/\/schema.org","@graph":[{"@type":"WebPage","@id":"https:\/\/www.villastromsfors.se\/en\/contact\/work-for-us\/","url":"https:\/\/www.villastromsfors.se\/en\/contact\/work-for-us\/","name":"Work for us - Villa Str\u00f6msfors","isPartOf":{"@id":"https:\/\/www.villastromsfors.se\/#website"},"datePublished":"2021-09-07T06:10:36+00:00","dateModified":"2024-01-09T16:42:54+00:00","description":"We are always looking for new enthusiastic team members for Villa Str\u00f6msfors. Get in touch with us!","breadcrumb":{"@id":"https:\/\/www.villastromsfors.se\/en\/contact\/work-for-us\/#breadcrumb"},"inLanguage":"en-US","potentialAction":[{"@type":"ReadAction","target":["https:\/\/www.villastromsfors.se\/en\/contact\/work-for-us\/"]}]},{"@type":"BreadcrumbList","@id":"https:\/\/www.villastromsfors.se\/en\/contact\/work-for-us\/#breadcrumb","itemListElement":[{"@type":"ListItem","position":1,"name":"Contact","item":"https:\/\/www.villastromsfors.se\/en\/contact\/"},{"@type":"ListItem","position":2,"name":"Work for us"}]},{"@type":"WebSite","@id":"https:\/\/www.villastromsfors.se\/#website","url":"https:\/\/www.villastromsfors.se\/","name":"Villa Str\u00f6msfors","description":"","publisher":{"@id":"https:\/\/www.villastromsfors.se\/#organization"},"potentialAction":[{"@type":"SearchAction","target":{"@type":"EntryPoint","urlTemplate":"https:\/\/www.villastromsfors.se\/?s={search_term_string}"},"query-input":{"@type":"PropertyValueSpecification","valueRequired":true,"valueName":"search_term_string"}}],"inLanguage":"en-US"},{"@type":"Organization","@id":"https:\/\/www.villastromsfors.se\/#organization","name":"Villa Str\u00f6msfors","url":"https:\/\/www.villastromsfors.se\/","logo":{"@type":"ImageObject","inLanguage":"en-US","@id":"https:\/\/www.villastromsfors.se\/#\/schema\/logo\/image\/","url":"https:\/\/www.villastromsfors.se\/wp-content\/uploads\/2021\/06\/vs-logo.png","contentUrl":"https:\/\/www.villastromsfors.se\/wp-content\/uploads\/2021\/06\/vs-logo.png","width":600,"height":329,"caption":"Villa Str\u00f6msfors"},"image":{"@id":"https:\/\/www.villastromsfors.se\/#\/schema\/logo\/image\/"},"sameAs":["https:\/\/www.facebook.com\/villastromsfors","https:\/\/www.instagram.com\/villastromsfors\/","https:\/\/www.linkedin.com\/company\/villa-str\u00f6msfors\/","https:\/\/www.youtube.com\/channel\/UCi2WrPAzf830yVcfKrVAcZA"]}]}},"_links":{"self":[{"href":"https:\/\/www.villastromsfors.se\/en\/wp-json\/wp\/v2\/pages\/4986","targetHints":{"allow":["GET"]}}],"collection":[{"href":"https:\/\/www.villastromsfors.se\/en\/wp-json\/wp\/v2\/pages"}],"about":[{"href":"https:\/\/www.villastromsfors.se\/en\/wp-json\/wp\/v2\/types\/page"}],"author":[{"embeddable":true,"href":"https:\/\/www.villastromsfors.se\/en\/wp-json\/wp\/v2\/users\/1"}],"replies":[{"embeddable":true,"href":"https:\/\/www.villastromsfors.se\/en\/wp-json\/wp\/v2\/comments?post=4986"}],"version-history":[{"count":8,"href":"https:\/\/www.villastromsfors.se\/en\/wp-json\/wp\/v2\/pages\/4986\/revisions"}],"predecessor-version":[{"id":6007,"href":"https:\/\/www.villastromsfors.se\/en\/wp-json\/wp\/v2\/pages\/4986\/revisions\/6007"}],"up":[{"embeddable":true,"href":"https:\/\/www.villastromsfors.se\/en\/wp-json\/wp\/v2\/pages\/4980"}],"wp:attachment":[{"href":"https:\/\/www.villastromsfors.se\/en\/wp-json\/wp\/v2\/media?parent=4986"}],"curies":[{"name":"wp","href":"https:\/\/api.w.org\/{rel}","templated":true}]}}