{"id":4984,"date":"2021-04-13T16:32:23","date_gmt":"2021-04-13T14:32:23","guid":{"rendered":"https:\/\/www.villastromsfors.se\/?page_id=4984"},"modified":"2025-04-17T09:11:00","modified_gmt":"2025-04-17T07:11:00","slug":"start","status":"publish","type":"page","link":"https:\/\/www.villastromsfors.se\/en\/","title":{"rendered":"Start"},"content":{"rendered":"<div class=\"hero lw lw--mw-cntnt-pls-pd hero--image\"><div class=\"hero__container\"><div class=\"image ofi-holder\"> <img loading=\"lazy\" decoding=\"async\" width=\"1920\" height=\"1080\" src=\"https:\/\/www.villastromsfors.se\/wp-content\/uploads\/2021\/04\/VS_ext-66528_Webb.jpg\" class=\"attachment-full size-full\" alt=\"\" sizes=\"auto, (max-width: 768px) 134vw, (max-width: 1366px) 100vw, 1366px\" srcset=\"https:\/\/www.villastromsfors.se\/wp-content\/uploads\/2021\/04\/VS_ext-66528_Webb.jpg 1920w, https:\/\/www.villastromsfors.se\/wp-content\/uploads\/2021\/04\/VS_ext-66528_Webb-380x214.jpg 380w, https:\/\/www.villastromsfors.se\/wp-content\/uploads\/2021\/04\/VS_ext-66528_Webb-1160x653.jpg 1160w, https:\/\/www.villastromsfors.se\/wp-content\/uploads\/2021\/04\/VS_ext-66528_Webb-150x84.jpg 150w, https:\/\/www.villastromsfors.se\/wp-content\/uploads\/2021\/04\/VS_ext-66528_Webb-768x432.jpg 768w, https:\/\/www.villastromsfors.se\/wp-content\/uploads\/2021\/04\/VS_ext-66528_Webb-1536x864.jpg 1536w, https:\/\/www.villastromsfors.se\/wp-content\/uploads\/2021\/04\/VS_ext-66528_Webb-600x338.jpg 600w\" \/> <\/div><\/div><\/div>\n\n<div class=\"intro-section inner-blocks lw lw--mw-cntnt-pd intro-section--align-title\"> <div class=\"intro-section__heading-holder\"> <h1 class=\"intro-section__heading\"><span>Relaxed<\/span> <span>luxury<\/span> <span>in<\/span> <span>Art<\/span> <span>Nouveau<\/span> <span>style<\/span><\/h1> <span class=\"icon intro-section__heading-decoration\"><svg aria-hidden=\"true\" focusable=\"false\"><use xlink:href=\"#icon-decoration-sunrise\"><\/use><\/svg><\/span> <\/div> <div class=\"intro-section__primary blocks-wrapper blocks-wrapper--inner blocks-wrapper--ignore-lw first-p-preamble\">\n\n<p class=\"is-style-preamble\">Villa Str\u00f6msfors is a dream brought to life. Back in 1908 when the construction was completed, that enchanting essence has endured through time. Now, a warm welcome awaits you here, whether for personal retreat or business ventures. We have spacious halls, a generous garden and eleven uniquely designed guest rooms, each with its own bathroom, embraced of comfort and luxury.<\/p>\n\n\n\n<p>Here, you can host weddings, birthdays, memorial services, conferences, or simply enjoy an all-inclusive hotel experience, our way. Take a look at the events and experiences we arrange, or book a customized arrangement for you and your group. You also have the option to rent the entire villa for several days and manage most things on your own to create unforgettable memories.<\/p>\n\n\n<div class=\"button-holder lw lw--mw-cntnt-pd\"><a href=\"https:\/\/www.villastromsfors.se\/en\/discover-the-villa\/\" class=\"vs-button vs-button--filled vs-button--accent vs-button--icon\">Read more about the Villa and our vision<span class=\"icon\"><svg aria-hidden=\"true\" focusable=\"false\"><use xlink:href=\"#icon-arrow\"><\/use><\/svg><\/span><\/a><\/div>\n<\/div> <\/div>\n\n<div class=\"container inner-blocks mc mc--xl lw lw--fw-pd blocks-wrapper blocks-wrapper--inner has-raffia-background-color has-background adorned-titles adorned-corners\"><div class=\"container__inner blocks-wrapper blocks-wrapper--inner lw lw--mw-cntnt-pd pc pc--xl\">\n\n<h2 class=\"wp-block-heading has-text-align-center mc mc--l\">Book the villa<\/h2>\n\n\n\n<p class=\"has-text-align-center mc mc--xl\">There are several ways to experience Villa Str\u00f6msfors. Whether you are here privately or with your colleagues, our aim is to make you feel a little extra pampered. The villa is warm atmosphere, with a delicate blend of modern technology and charming Art Nouveau architecture, provides the perfect backdrop for almost anything.<\/p>\n\n\n\n<div class=\"wp-block-columns are-vertically-aligned-top lw lw--mw-cntnt-pd is-layout-flex wp-container-core-columns-is-layout-9d6595d7 wp-block-columns-is-layout-flex\">\n<div class=\"wp-block-column is-vertically-aligned-top lw lw--mw-cntnt-pd is-layout-flow wp-block-column-is-layout-flow\"><div class=\"icon-highlight lw lw--mw-cntnt-pd icon-highlight--icon-size-big\"> <div class=\"icon-highlight__inner\"> <a class=\"link\" href=\"https:\/\/www.villastromsfors.se\/en\/rent-book\/events\/\"> <div class=\"icon-highlight__icon-wrapper\"><div class=\"icon-highlight__icon\"><svg aria-hidden=\"true\" focusable=\"false\"><use xlink:href=\"#icon-luxury-hotel\"><\/use><\/svg><\/div><\/div> <div class=\"icon-highlight__title\">Welcome<\/div> <div class=\"icon-highlight__text\"><p>We arrange delightful hotel stays where everything is included such as dinners, fitness weekends and other delightful pleasures.<\/p><\/div> <\/a> <\/div> <\/div><\/div>\n\n\n\n<div class=\"wp-block-column is-vertically-aligned-top lw lw--mw-cntnt-pd is-layout-flow wp-block-column-is-layout-flow\"><div class=\"icon-highlight lw lw--mw-cntnt-pd icon-highlight--icon-size-big\"> <div class=\"icon-highlight__inner\"> <a class=\"link\" href=\"https:\/\/www.villastromsfors.se\/en\/rent-book\/weddings\/\"> <div class=\"icon-highlight__icon-wrapper\"><div class=\"icon-highlight__icon\"><svg aria-hidden=\"true\" focusable=\"false\"><use xlink:href=\"#icon-wedding-celebration\"><\/use><\/svg><\/div><\/div> <div class=\"icon-highlight__title\">Weddings<\/div> <div class=\"icon-highlight__text\"><p>Time for a wedding? Wow! Contact us today, and we&#8217;ll focus on creating magic together.<\/p><\/div> <\/a> <\/div> <\/div><\/div>\n\n\n\n<div class=\"wp-block-column is-vertically-aligned-top lw lw--mw-cntnt-pd is-layout-flow wp-block-column-is-layout-flow\"><div class=\"icon-highlight lw lw--mw-cntnt-pd icon-highlight--icon-size-big\"> <div class=\"icon-highlight__inner\"> <a class=\"link\" href=\"https:\/\/www.villastromsfors.se\/en\/rent-book\/conference\/\"> <div class=\"icon-highlight__icon-wrapper\"><div class=\"icon-highlight__icon\"><svg aria-hidden=\"true\" focusable=\"false\"><use xlink:href=\"#icon-eco-agreement\"><\/use><\/svg><\/div><\/div> <div class=\"icon-highlight__title\">Meetings<\/div> <div class=\"icon-highlight__text\"><p>Here, you have the opportunity to organize private meetings and conferences where the entire villa is at your disposal.<\/p><\/div> <\/a> <\/div> <\/div><\/div>\n\n\n\n<div class=\"wp-block-column is-vertically-aligned-top lw lw--mw-cntnt-pd is-layout-flow wp-block-column-is-layout-flow\"><div class=\"icon-highlight lw lw--mw-cntnt-pd icon-highlight--icon-size-big\"> <div class=\"icon-highlight__inner\"> <a class=\"link\" href=\"https:\/\/www.villastromsfors.se\/en\/rent-book\/private-events\/\"> <div class=\"icon-highlight__icon-wrapper\"><div class=\"icon-highlight__icon\"><svg aria-hidden=\"true\" focusable=\"false\"><use xlink:href=\"#icon-champagne-celebration\"><\/use><\/svg><\/div><\/div> <div class=\"icon-highlight__title\">The entire Villa<\/div> <div class=\"icon-highlight__text\"><p>Imagine renting the entire villa, with or without dedicated staff. With us, your dreamlike experiences are celebrated in style. <\/p><\/div> <\/a> <\/div> <\/div><\/div>\n<\/div>\n\n<\/div><\/div>\n\n<div class=\"event-feed inner-blocks lw lw--mw-cntnt-pd event-feed--inner-blocks\"> <div class=\"event-feed__inner\"> <div class=\"event-feed__content\"> <div class=\"event-feed__content-inner blocks-wrapper blocks-wrapper--inner blocks-wrapper--ignore-lw\"> \n<div class=\"kicker mc mc--m lw lw--mw-cntnt-pd capitals\"><span class=\"icon\"><svg aria-hidden=\"true\" focusable=\"false\"><use xlink:href=\"#icon-horizontal-broom\"><\/use><\/svg><\/span>Events<\/div>\n\n\n<h2 class=\"wp-block-heading\">Events in the villa<\/h2>\n\n\n\n<p>Our guiding principle is simple: we curate events that we ourselves would be thrilled to attend.<\/p>\n\n\n\n<p>With us you will discover evenings of luxury stays, wine tastings, fitness weekends, dinners, music and workshops of all kind. At times, we are inspired to host a rustic Sunday feast, or other delightful gatherings.<\/p>\n\n\n<div class=\"button-holder lw lw--mw-cntnt-pd\"><a href=\"https:\/\/www.villastromsfors.se\/en\/rent-book\/events\/\" class=\"vs-button vs-button--filled vs-button--accent vs-button--icon\">Our upcoming events<span class=\"icon\"><svg aria-hidden=\"true\" focusable=\"false\"><use xlink:href=\"#icon-arrow\"><\/use><\/svg><\/span><\/a><\/div>\n\n\n<p><\/p>\n\n <\/div> <\/div> <div class=\"event-feed__feed\"><\/div> <\/div> <\/div>\n\n\n<p><\/p>\n\n\n<div class=\"hammer inner-blocks lw lw--mw-cntnt-pd hammer--media hammer--media-image hammer--media-group-image\"> <div class=\"hammer__columns\"> <div class=\"hammer__head\"> <div class=\"hammer__image-holder\"><div class=\"image ofi-holder hammer__image\"> <img decoding=\"async\" class=\"lazy-image-full js-lazy-image\" src=\"\" data-src=\"https:\/\/www.villastromsfors.se\/wp-content\/uploads\/2021\/04\/VS_ext-66481_Webb-1160x1160.jpg\" data-srcset=\"https:\/\/www.villastromsfors.se\/wp-content\/uploads\/2021\/04\/VS_ext-66481_Webb-1160x1160.jpg 1160w, https:\/\/www.villastromsfors.se\/wp-content\/uploads\/2021\/04\/VS_ext-66481_Webb-380x380.jpg 380w, https:\/\/www.villastromsfors.se\/wp-content\/uploads\/2021\/04\/VS_ext-66481_Webb-150x150.jpg 150w, https:\/\/www.villastromsfors.se\/wp-content\/uploads\/2021\/04\/VS_ext-66481_Webb-768x768.jpg 768w, https:\/\/www.villastromsfors.se\/wp-content\/uploads\/2021\/04\/VS_ext-66481_Webb-300x300.jpg 300w, https:\/\/www.villastromsfors.se\/wp-content\/uploads\/2021\/04\/VS_ext-66481_Webb-600x600.jpg 600w, https:\/\/www.villastromsfors.se\/wp-content\/uploads\/2021\/04\/VS_ext-66481_Webb-100x100.jpg 100w, https:\/\/www.villastromsfors.se\/wp-content\/uploads\/2021\/04\/VS_ext-66481_Webb.jpg 1280w\" sizes=\"(max-width: 768px) 100vw, 587px\" alt=\"\"\/><img decoding=\"async\" class=\"lazy-image-preview lazy-image-preview--lazy-not-loaded js-preview-image\" src=\"https:\/\/www.villastromsfors.se\/wp-content\/uploads\/2021\/04\/VS_ext-66481_Webb-150x150.jpg\" alt=\"\"\/> <\/div><\/div> <\/div> <div class=\"hammer__handle\"> <div class=\"kicker capitals\"><span class=\"icon\"><svg aria-hidden=\"true\" focusable=\"false\"><use xlink:href=\"#icon-horizontal-broom\"><\/use><\/svg><\/span>Rent &#038; Book <\/div> <h2 class=\"heading hammer__heading\">Conference at the Villa<\/h2> <div class=\"hammer__content blocks-wrapper blocks-wrapper--inner\"> \n\n<p class=\"is-style-default\">A conference at Villa Str\u00f6msfors is nothing short of extraordinary. Tailored to suit your board, leadership ensemble or dedicated team. The atmosphere encourages discussions and tranquility, far from urban bustle and city dirtractions. We provide a relaxed, familial, and finely tuned environment where you can concentrate on what truly matters.<\/p>\n\n\n<div class=\"button-holder lw lw--mw-cntnt-pd\"><a href=\"https:\/\/www.villastromsfors.se\/en\/rent-book\/conference\/\" class=\"vs-button vs-button--filled vs-button--accent vs-button--icon\">Read more about conferences<span class=\"icon\"><svg aria-hidden=\"true\" focusable=\"false\"><use xlink:href=\"#icon-arrow\"><\/use><\/svg><\/span><\/a><\/div>\n <\/div> <\/div> <\/div> <\/div>\n\n<div class=\"hammer is-style-head-right inner-blocks lw lw--mw-cntnt-pd hammer--media hammer--media-image hammer--media-group-image\"> <div class=\"hammer__columns\"> <div class=\"hammer__head\"> <div class=\"hammer__image-holder\"><div class=\"image ofi-holder hammer__image\"> <img decoding=\"async\" class=\"lazy-image-full js-lazy-image\" src=\"\" data-src=\"https:\/\/www.villastromsfors.se\/wp-content\/uploads\/2021\/04\/VS-56444-1160x1160.jpg\" data-srcset=\"https:\/\/www.villastromsfors.se\/wp-content\/uploads\/2021\/04\/VS-56444-1160x1160.jpg 1160w, https:\/\/www.villastromsfors.se\/wp-content\/uploads\/2021\/04\/VS-56444-380x380.jpg 380w, https:\/\/www.villastromsfors.se\/wp-content\/uploads\/2021\/04\/VS-56444-150x150.jpg 150w, https:\/\/www.villastromsfors.se\/wp-content\/uploads\/2021\/04\/VS-56444-768x768.jpg 768w, https:\/\/www.villastromsfors.se\/wp-content\/uploads\/2021\/04\/VS-56444-300x300.jpg 300w, https:\/\/www.villastromsfors.se\/wp-content\/uploads\/2021\/04\/VS-56444-600x600.jpg 600w, https:\/\/www.villastromsfors.se\/wp-content\/uploads\/2021\/04\/VS-56444-100x100.jpg 100w, https:\/\/www.villastromsfors.se\/wp-content\/uploads\/2021\/04\/VS-56444.jpg 1280w\" sizes=\"(max-width: 768px) 100vw, 587px\" alt=\"\"\/><img decoding=\"async\" class=\"lazy-image-preview lazy-image-preview--lazy-not-loaded js-preview-image\" src=\"https:\/\/www.villastromsfors.se\/wp-content\/uploads\/2021\/04\/VS-56444-150x150.jpg\" alt=\"\"\/> <\/div><\/div> <\/div> <div class=\"hammer__handle\"> <div class=\"kicker capitals\"><span class=\"icon\"><svg aria-hidden=\"true\" focusable=\"false\"><use xlink:href=\"#icon-horizontal-broom\"><\/use><\/svg><\/span>Rent &#038; Book<\/div> <h2 class=\"heading hammer__heading\">Weddings in the villa<\/h2> <div class=\"hammer__content blocks-wrapper blocks-wrapper--inner\"> \n\n<p>Weddings are truly the celebration of celebrations!<\/p>\n\n\n\n<p>You most likely have a beautiful picture of how your day should unfold. Allow us to make your day extra special. Our venue can host up to 50 seated guests. Many couples choose to have their ceremony in our garden. Some start with a church ceremony and we welcome guests with sparkling wine and hors d&#8217;oeuvres to begin the festive night.<\/p>\n\n\n\n<p>All weddings with us are organized with the assistance of our wedding coordinator.<\/p>\n\n\n<div class=\"button-holder lw lw--mw-cntnt-pd\"><a href=\"https:\/\/www.villastromsfors.se\/en\/rent-book\/weddings\/\" class=\"vs-button vs-button--filled vs-button--accent vs-button--icon\">Read more about weddings<span class=\"icon\"><svg aria-hidden=\"true\" focusable=\"false\"><use xlink:href=\"#icon-arrow\"><\/use><\/svg><\/span><\/a><\/div>\n <\/div> <\/div> <\/div> <\/div>\n\n<div class=\"container inner-blocks lw lw--fw-pd blocks-wrapper blocks-wrapper--inner has-pot-pourri-background-color has-background\"><div class=\"container__inner blocks-wrapper blocks-wrapper--inner lw lw--mw-cntnt-pd pc pc--l\">\n\n<div class=\"wp-block-contact-form-7-contact-form-selector mc mc--none lw lw--mw-cntnt-pd\">\n<div class=\"wpcf7 no-js\" id=\"wpcf7-f5317-o1\" lang=\"sv-SE\" dir=\"ltr\" data-wpcf7-id=\"5317\">\n<div class=\"screen-reader-response\"><p role=\"status\" aria-live=\"polite\" aria-atomic=\"true\"><\/p> <ul><\/ul><\/div>\n<form action=\"\/en\/wp-json\/wp\/v2\/pages\/4984#wpcf7-f5317-o1\" method=\"post\" class=\"wpcf7-form init\" aria-label=\"Kontaktformul\u00e4r\" novalidate=\"novalidate\" data-status=\"init\">\n<fieldset class=\"hidden-fields-container\"><input type=\"hidden\" name=\"_wpcf7\" value=\"5317\" \/><input type=\"hidden\" name=\"_wpcf7_version\" value=\"6.1.4\" \/><input type=\"hidden\" name=\"_wpcf7_locale\" value=\"sv_SE\" \/><input type=\"hidden\" name=\"_wpcf7_unit_tag\" value=\"wpcf7-f5317-o1\" \/><input type=\"hidden\" name=\"_wpcf7_container_post\" value=\"0\" \/><input type=\"hidden\" name=\"_wpcf7_posted_data_hash\" value=\"\" \/><input type=\"hidden\" name=\"_wpcf7_recaptcha_response\" value=\"\" \/>\n<\/fieldset>\n<p><span class=\"big-text\">GOOD NEWS FROM VILLA STR\u00d6MSFORS?<\/span>\n<\/p>\n<div class=\"newsletter\">\n\t<p>We send some good news approximately once a month, and you can unsubscribe with a simple click if you would like to end your subscription.\n\t<\/p>\n\t<p><label> <span class=\"label\">Email*<\/span> <span class=\"wpcf7-form-control-wrap\" data-name=\"your-email\"><input size=\"40\" maxlength=\"400\" class=\"wpcf7-form-control wpcf7-email wpcf7-validates-as-required wpcf7-text wpcf7-validates-as-email\" autocomplete=\"email\" aria-required=\"true\" aria-invalid=\"false\" value=\"\" type=\"email\" name=\"your-email\" \/><\/span> <\/label>\n\t<\/p>\n\t<p><span class=\"wpcf7-form-control-wrap\" data-name=\"acceptance\"><span class=\"wpcf7-form-control wpcf7-acceptance\"><span class=\"wpcf7-list-item\"><label><input type=\"checkbox\" name=\"acceptance\" value=\"1\" aria-invalid=\"false\" \/><span class=\"wpcf7-list-item-label\">Accept <a href=\"\/en\/privacy-policy\/\" target=\"_blank\">terms and conditions<\/a><\/span><\/label><\/span><\/span><\/span>\n\t<\/p>\n\t<p><input class=\"wpcf7-form-control wpcf7-submit has-spinner\" type=\"submit\" value=\"Subscribe\" \/>\n\t<\/p>\n<\/div>\n<p><input type=\"hidden\" name=\"mc4wp-subscribe\" value=\"1\" \/>\n<\/p>\n          <div class=\"powered-by-google-recaptcha\">\n            This form is protected by reCAPTCHA and Google's <a href=\"https:\/\/policies.google.com\/privacy\" target=\"_blank\" rel=\"noopener nofollow\">privacy policy<\/a> and <a href=\"https:\/\/policies.google.com\/terms\" target=\"_blank\" rel=\"noopener nofollow\">terms of use<\/a> applies.\n          <\/div>\n      <div class=\"wpcf7-response-output\" aria-hidden=\"true\"><\/div>\n<\/form>\n<\/div>\n<\/div>\n\n<\/div><\/div>","protected":false},"excerpt":{"rendered":"","protected":false},"author":1,"featured_media":8055,"parent":0,"menu_order":0,"comment_status":"closed","ping_status":"closed","template":"","meta":{"_acf_changed":false,"_price":"","_stock":"","_tribe_ticket_header":"","_tribe_default_ticket_provider":"","_ticket_start_date":"","_ticket_end_date":"","_tribe_ticket_show_description":"","_tribe_ticket_show_not_going":false,"_tribe_ticket_use_global_stock":"","_tribe_ticket_global_stock_level":"","_global_stock_mode":"","_global_stock_cap":"","_tribe_rsvp_for_event":"","_tribe_ticket_going_count":"","_tribe_ticket_not_going_count":"","_tribe_tickets_list":"[]","_tribe_ticket_has_attendee_info_fields":false,"footnotes":""},"class_list":["post-4984","page","type-page","status-publish","has-post-thumbnail","hentry"],"acf":[],"yoast_head":"<!-- This site is optimized with the Yoast SEO plugin v26.7 - https:\/\/yoast.com\/wordpress\/plugins\/seo\/ -->\n<title>Villa Str\u00f6mfors - Unik upplevelse i Art Deco-stil och sekelskiftsmilj\u00f6<\/title>\n<meta name=\"description\" content=\"Du \u00e4r v\u00e4lkommen till oss p\u00e5 n\u00e5got av alla v\u00e5ra h\u00e4rliga evenemang eller hotellkv\u00e4llar. Eller boka hela Villa f\u00f6r din speciella tillst\u00e4llning\" \/>\n<meta name=\"robots\" content=\"index, follow, max-snippet:-1, max-image-preview:large, max-video-preview:-1\" \/>\n<link rel=\"canonical\" href=\"https:\/\/www.villastromsfors.se\/en\/\" \/>\n<meta property=\"og:locale\" content=\"en_US\" \/>\n<meta property=\"og:type\" content=\"article\" \/>\n<meta property=\"og:title\" content=\"Villa Str\u00f6mfors - Unik upplevelse i Art Deco-stil och sekelskiftsmilj\u00f6\" \/>\n<meta property=\"og:description\" content=\"Du \u00e4r v\u00e4lkommen till oss p\u00e5 n\u00e5got av alla v\u00e5ra h\u00e4rliga evenemang eller hotellkv\u00e4llar. Eller boka hela Villa f\u00f6r din speciella tillst\u00e4llning\" \/>\n<meta property=\"og:url\" content=\"https:\/\/www.villastromsfors.se\/en\/\" \/>\n<meta property=\"og:site_name\" content=\"Villa Str\u00f6msfors\" \/>\n<meta property=\"article:publisher\" content=\"https:\/\/www.facebook.com\/villastromsfors\" \/>\n<meta property=\"article:modified_time\" content=\"2025-04-17T07:11:00+00:00\" \/>\n<meta name=\"twitter:card\" content=\"summary_large_image\" \/>\n<meta name=\"twitter:label1\" content=\"Est. reading time\" \/>\n\t<meta name=\"twitter:data1\" content=\"2 minutes\" \/>\n<script type=\"application\/ld+json\" class=\"yoast-schema-graph\">{\"@context\":\"https:\/\/schema.org\",\"@graph\":[{\"@type\":\"WebPage\",\"@id\":\"https:\/\/www.villastromsfors.se\/en\/\",\"url\":\"https:\/\/www.villastromsfors.se\/en\/\",\"name\":\"Villa Str\u00f6mfors - Unik upplevelse i Art Deco-stil och sekelskiftsmilj\u00f6\",\"isPartOf\":{\"@id\":\"https:\/\/www.villastromsfors.se\/#website\"},\"primaryImageOfPage\":{\"@id\":\"https:\/\/www.villastromsfors.se\/en\/#primaryimage\"},\"image\":{\"@id\":\"https:\/\/www.villastromsfors.se\/en\/#primaryimage\"},\"thumbnailUrl\":\"https:\/\/www.villastromsfors.se\/wp-content\/uploads\/2025\/09\/vinter-vs-scaled.jpg\",\"datePublished\":\"2021-04-13T14:32:23+00:00\",\"dateModified\":\"2025-04-17T07:11:00+00:00\",\"description\":\"Du \u00e4r v\u00e4lkommen till oss p\u00e5 n\u00e5got av alla v\u00e5ra h\u00e4rliga evenemang eller hotellkv\u00e4llar. Eller boka hela Villa f\u00f6r din speciella tillst\u00e4llning\",\"inLanguage\":\"en-US\",\"potentialAction\":[{\"@type\":\"ReadAction\",\"target\":[\"https:\/\/www.villastromsfors.se\/en\/\"]}]},{\"@type\":\"ImageObject\",\"inLanguage\":\"en-US\",\"@id\":\"https:\/\/www.villastromsfors.se\/en\/#primaryimage\",\"url\":\"https:\/\/www.villastromsfors.se\/wp-content\/uploads\/2025\/09\/vinter-vs-scaled.jpg\",\"contentUrl\":\"https:\/\/www.villastromsfors.se\/wp-content\/uploads\/2025\/09\/vinter-vs-scaled.jpg\",\"width\":1920,\"height\":2560},{\"@type\":\"WebSite\",\"@id\":\"https:\/\/www.villastromsfors.se\/#website\",\"url\":\"https:\/\/www.villastromsfors.se\/\",\"name\":\"Villa Str\u00f6msfors\",\"description\":\"\",\"publisher\":{\"@id\":\"https:\/\/www.villastromsfors.se\/#organization\"},\"potentialAction\":[{\"@type\":\"SearchAction\",\"target\":{\"@type\":\"EntryPoint\",\"urlTemplate\":\"https:\/\/www.villastromsfors.se\/?s={search_term_string}\"},\"query-input\":{\"@type\":\"PropertyValueSpecification\",\"valueRequired\":true,\"valueName\":\"search_term_string\"}}],\"inLanguage\":\"en-US\"},{\"@type\":\"Organization\",\"@id\":\"https:\/\/www.villastromsfors.se\/#organization\",\"name\":\"Villa Str\u00f6msfors\",\"url\":\"https:\/\/www.villastromsfors.se\/\",\"logo\":{\"@type\":\"ImageObject\",\"inLanguage\":\"en-US\",\"@id\":\"https:\/\/www.villastromsfors.se\/#\/schema\/logo\/image\/\",\"url\":\"https:\/\/www.villastromsfors.se\/wp-content\/uploads\/2021\/06\/vs-logo.png\",\"contentUrl\":\"https:\/\/www.villastromsfors.se\/wp-content\/uploads\/2021\/06\/vs-logo.png\",\"width\":600,\"height\":329,\"caption\":\"Villa Str\u00f6msfors\"},\"image\":{\"@id\":\"https:\/\/www.villastromsfors.se\/#\/schema\/logo\/image\/\"},\"sameAs\":[\"https:\/\/www.facebook.com\/villastromsfors\",\"https:\/\/www.instagram.com\/villastromsfors\/\",\"https:\/\/www.linkedin.com\/company\/villa-str\u00f6msfors\/\",\"https:\/\/www.youtube.com\/channel\/UCi2WrPAzf830yVcfKrVAcZA\"]}]}<\/script>\n<!-- \/ Yoast SEO plugin. -->","yoast_head_json":{"title":"Villa Str\u00f6mfors - Unik upplevelse i Art Deco-stil och sekelskiftsmilj\u00f6","description":"Du \u00e4r v\u00e4lkommen till oss p\u00e5 n\u00e5got av alla v\u00e5ra h\u00e4rliga evenemang eller hotellkv\u00e4llar. Eller boka hela Villa f\u00f6r din speciella tillst\u00e4llning","robots":{"index":"index","follow":"follow","max-snippet":"max-snippet:-1","max-image-preview":"max-image-preview:large","max-video-preview":"max-video-preview:-1"},"canonical":"https:\/\/www.villastromsfors.se\/en\/","og_locale":"en_US","og_type":"article","og_title":"Villa Str\u00f6mfors - Unik upplevelse i Art Deco-stil och sekelskiftsmilj\u00f6","og_description":"Du \u00e4r v\u00e4lkommen till oss p\u00e5 n\u00e5got av alla v\u00e5ra h\u00e4rliga evenemang eller hotellkv\u00e4llar. Eller boka hela Villa f\u00f6r din speciella tillst\u00e4llning","og_url":"https:\/\/www.villastromsfors.se\/en\/","og_site_name":"Villa Str\u00f6msfors","article_publisher":"https:\/\/www.facebook.com\/villastromsfors","article_modified_time":"2025-04-17T07:11:00+00:00","twitter_card":"summary_large_image","twitter_misc":{"Est. reading time":"2 minutes"},"schema":{"@context":"https:\/\/schema.org","@graph":[{"@type":"WebPage","@id":"https:\/\/www.villastromsfors.se\/en\/","url":"https:\/\/www.villastromsfors.se\/en\/","name":"Villa Str\u00f6mfors - Unik upplevelse i Art Deco-stil och sekelskiftsmilj\u00f6","isPartOf":{"@id":"https:\/\/www.villastromsfors.se\/#website"},"primaryImageOfPage":{"@id":"https:\/\/www.villastromsfors.se\/en\/#primaryimage"},"image":{"@id":"https:\/\/www.villastromsfors.se\/en\/#primaryimage"},"thumbnailUrl":"https:\/\/www.villastromsfors.se\/wp-content\/uploads\/2025\/09\/vinter-vs-scaled.jpg","datePublished":"2021-04-13T14:32:23+00:00","dateModified":"2025-04-17T07:11:00+00:00","description":"Du \u00e4r v\u00e4lkommen till oss p\u00e5 n\u00e5got av alla v\u00e5ra h\u00e4rliga evenemang eller hotellkv\u00e4llar. Eller boka hela Villa f\u00f6r din speciella tillst\u00e4llning","inLanguage":"en-US","potentialAction":[{"@type":"ReadAction","target":["https:\/\/www.villastromsfors.se\/en\/"]}]},{"@type":"ImageObject","inLanguage":"en-US","@id":"https:\/\/www.villastromsfors.se\/en\/#primaryimage","url":"https:\/\/www.villastromsfors.se\/wp-content\/uploads\/2025\/09\/vinter-vs-scaled.jpg","contentUrl":"https:\/\/www.villastromsfors.se\/wp-content\/uploads\/2025\/09\/vinter-vs-scaled.jpg","width":1920,"height":2560},{"@type":"WebSite","@id":"https:\/\/www.villastromsfors.se\/#website","url":"https:\/\/www.villastromsfors.se\/","name":"Villa Str\u00f6msfors","description":"","publisher":{"@id":"https:\/\/www.villastromsfors.se\/#organization"},"potentialAction":[{"@type":"SearchAction","target":{"@type":"EntryPoint","urlTemplate":"https:\/\/www.villastromsfors.se\/?s={search_term_string}"},"query-input":{"@type":"PropertyValueSpecification","valueRequired":true,"valueName":"search_term_string"}}],"inLanguage":"en-US"},{"@type":"Organization","@id":"https:\/\/www.villastromsfors.se\/#organization","name":"Villa Str\u00f6msfors","url":"https:\/\/www.villastromsfors.se\/","logo":{"@type":"ImageObject","inLanguage":"en-US","@id":"https:\/\/www.villastromsfors.se\/#\/schema\/logo\/image\/","url":"https:\/\/www.villastromsfors.se\/wp-content\/uploads\/2021\/06\/vs-logo.png","contentUrl":"https:\/\/www.villastromsfors.se\/wp-content\/uploads\/2021\/06\/vs-logo.png","width":600,"height":329,"caption":"Villa Str\u00f6msfors"},"image":{"@id":"https:\/\/www.villastromsfors.se\/#\/schema\/logo\/image\/"},"sameAs":["https:\/\/www.facebook.com\/villastromsfors","https:\/\/www.instagram.com\/villastromsfors\/","https:\/\/www.linkedin.com\/company\/villa-str\u00f6msfors\/","https:\/\/www.youtube.com\/channel\/UCi2WrPAzf830yVcfKrVAcZA"]}]}},"_links":{"self":[{"href":"https:\/\/www.villastromsfors.se\/en\/wp-json\/wp\/v2\/pages\/4984","targetHints":{"allow":["GET"]}}],"collection":[{"href":"https:\/\/www.villastromsfors.se\/en\/wp-json\/wp\/v2\/pages"}],"about":[{"href":"https:\/\/www.villastromsfors.se\/en\/wp-json\/wp\/v2\/types\/page"}],"author":[{"embeddable":true,"href":"https:\/\/www.villastromsfors.se\/en\/wp-json\/wp\/v2\/users\/1"}],"replies":[{"embeddable":true,"href":"https:\/\/www.villastromsfors.se\/en\/wp-json\/wp\/v2\/comments?post=4984"}],"version-history":[{"count":9,"href":"https:\/\/www.villastromsfors.se\/en\/wp-json\/wp\/v2\/pages\/4984\/revisions"}],"predecessor-version":[{"id":7662,"href":"https:\/\/www.villastromsfors.se\/en\/wp-json\/wp\/v2\/pages\/4984\/revisions\/7662"}],"wp:featuredmedia":[{"embeddable":true,"href":"https:\/\/www.villastromsfors.se\/en\/wp-json\/wp\/v2\/media\/8055"}],"wp:attachment":[{"href":"https:\/\/www.villastromsfors.se\/en\/wp-json\/wp\/v2\/media?parent=4984"}],"curies":[{"name":"wp","href":"https:\/\/api.w.org\/{rel}","templated":true}]}}